{"id":47,"date":"2023-05-12T08:03:42","date_gmt":"2023-05-12T06:03:42","guid":{"rendered":"https:\/\/www.kamenickevisky.cz\/?page_id=47"},"modified":"2023-05-13T23:37:47","modified_gmt":"2023-05-13T21:37:47","slug":"osadni-vybor-knv-a-vpl","status":"publish","type":"page","link":"https:\/\/www.kamenickevisky.cz\/?page_id=47","title":{"rendered":"Osadn\u00ed v\u00fdbor KNV a VpL"},"content":{"rendered":"\n<p>Osadn\u00ed v\u00fdbor Kamenick\u00e1 Nov\u00e1 V\u00edska a V\u00edska pod Lesy byl zalo\u017een v z\u00e1\u0159\u00ed 2023 p\u0159ed komun\u00e1ln\u00edmi volbami v \u010cesk\u00e9 Kamenici a znovu bylo potvrzeno jeho form\u00e1ln\u00ed ustanoven\u00ed v \u0159\u00edjnu 2023 na prvn\u00edm zased\u00e1n\u00ed nov\u00e9ho zastupitelstva po komun\u00e1ln\u00edch volb\u00e1ch.<\/p>\n\n\n\n<p>P\u0159edsedou osadn\u00edho v\u00fdboru byl jmenov\u00e1n Luk\u00e1\u0161 Horyna, dal\u0161\u00edmi \u010dleny jsou Michaela \u010capkov\u00e1, Jan G\u00e1bel, Milan Such\u00e1nek a Monika Hagarov\u00e1. Tito \u010dlenov\u00e9 osadn\u00edho v\u00fdboru projevili z\u00e1jem k jeho zalo\u017een\u00ed a ofici\u00e1ln\u011b o zalo\u017een\u00ed za\u017e\u00e1dali.<\/p>\n\n\n\n<p>Kontakty:<\/p>\n\n\n\n<p>Luk\u00e1\u0161 Horyna<br>e-mail: lukas.horyna@email.cz; tel. 605442790<\/p>\n\n\n\n<p>Mgr. Michaela \u010capkov\u00e1<br>e-mail: capkova.mich@seznam.cz; <a href=\"mailto:m.capkova@ceska-kamenice.cz\">m.capkova@ceska-kamenice.cz<\/a>; tel. 775854836<\/p>\n\n\n\n<p><\/p>\n\n\n\n<p>Ofici\u00e1ln\u00ed odkaz na \u010dleny osadn\u00edho v\u00fdboru z\u0159\u00edzen\u00e9ho pod M\u011bstem \u010cesk\u00e1 Kamenice:<\/p>\n\n\n\n<figure class=\"wp-block-embed is-type-wp-embed is-provider-ceska-kamenice wp-block-embed-ceska-kamenice\"><div class=\"wp-block-embed__wrapper\">\n<div class=\"embed-container\"><blockquote class=\"wp-embedded-content\" data-secret=\"1aVurdhAAw\"><a href=\"https:\/\/ceska-kamenice.cz\/radnice\/osadni-vybor-kamenicka-nova-viska-a-viska-pod_lesy\/\">Osadn\u00ed v\u00fdbor Kamenick\u00e1 Nov\u00e1 V\u00edska a V\u00edska pod Lesy<\/a><\/blockquote><iframe loading=\"lazy\" class=\"wp-embedded-content\" sandbox=\"allow-scripts\" security=\"restricted\" style=\"position: absolute; clip: rect(1px, 1px, 1px, 1px);\" title=\"&#8222;Osadn\u00ed v\u00fdbor Kamenick\u00e1 Nov\u00e1 V\u00edska a V\u00edska pod Lesy&#8220; &#8212; \u010cesk\u00e1 Kamenice\" src=\"https:\/\/ceska-kamenice.cz\/radnice\/osadni-vybor-kamenicka-nova-viska-a-viska-pod_lesy\/embed\/#?secret=a0AfRXJYIz#?secret=1aVurdhAAw\" data-secret=\"1aVurdhAAw\" width=\"500\" height=\"282\" frameborder=\"0\" marginwidth=\"0\" marginheight=\"0\" scrolling=\"no\"><\/iframe><\/div>\n<\/div><\/figure>\n\n\n\n<p>\u010cl\u00e1nek o z\u0159\u00edzen\u00ed osadn\u00edho v\u00fdboru<\/p>\n\n\n\n<p><a href=\"https:\/\/decinsky.denik.cz\/zpravy_region\/dalsi-hlasy-v-ceske-kamenici-mestecko-ma-dalsi-osadni-vybor-20221004.html\">https:\/\/decinsky.denik.cz\/zpravy_region\/dalsi-hlasy-v-ceske-kamenici-mestecko-ma-dalsi-osadni-vybor-20221004.html<\/a><\/p>\n","protected":false},"excerpt":{"rendered":"<p>Osadn\u00ed v\u00fdbor Kamenick\u00e1 Nov\u00e1 V\u00edska a V\u00edska pod Lesy byl zalo\u017een v z\u00e1\u0159\u00ed 2023 p\u0159ed komun\u00e1ln\u00edmi volbami v \u010cesk\u00e9 Kamenici a znovu bylo potvrzeno jeho form\u00e1ln\u00ed ustanoven\u00ed v \u0159\u00edjnu 2023 na prvn\u00edm zased\u00e1n\u00ed nov\u00e9ho zastupitelstva po komun\u00e1ln\u00edch volb\u00e1ch. P\u0159edsedou osadn\u00edho v\u00fdboru byl jmenov\u00e1n Luk\u00e1\u0161 Horyna, dal\u0161\u00edmi \u010dleny jsou Michaela \u010capkov\u00e1, Jan G\u00e1bel, Milan Such\u00e1nek a<a class=\"more\" href=\"https:\/\/www.kamenickevisky.cz\/?page_id=47\" title=\"Read More\"> [&#8230;] <\/a><\/p>\n","protected":false},"author":2,"featured_media":0,"parent":0,"menu_order":0,"comment_status":"closed","ping_status":"closed","template":"","meta":{"footnotes":""},"class_list":["post-47","page","type-page","status-publish","hentry","post-container col-md-12"],"_links":{"self":[{"href":"https:\/\/www.kamenickevisky.cz\/index.php?rest_route=\/wp\/v2\/pages\/47","targetHints":{"allow":["GET"]}}],"collection":[{"href":"https:\/\/www.kamenickevisky.cz\/index.php?rest_route=\/wp\/v2\/pages"}],"about":[{"href":"https:\/\/www.kamenickevisky.cz\/index.php?rest_route=\/wp\/v2\/types\/page"}],"author":[{"embeddable":true,"href":"https:\/\/www.kamenickevisky.cz\/index.php?rest_route=\/wp\/v2\/users\/2"}],"replies":[{"embeddable":true,"href":"https:\/\/www.kamenickevisky.cz\/index.php?rest_route=%2Fwp%2Fv2%2Fcomments&post=47"}],"version-history":[{"count":4,"href":"https:\/\/www.kamenickevisky.cz\/index.php?rest_route=\/wp\/v2\/pages\/47\/revisions"}],"predecessor-version":[{"id":137,"href":"https:\/\/www.kamenickevisky.cz\/index.php?rest_route=\/wp\/v2\/pages\/47\/revisions\/137"}],"wp:attachment":[{"href":"https:\/\/www.kamenickevisky.cz\/index.php?rest_route=%2Fwp%2Fv2%2Fmedia&parent=47"}],"curies":[{"name":"wp","href":"https:\/\/api.w.org\/{rel}","templated":true}]}}