{"id":45,"date":"2023-05-13T23:39:07","date_gmt":"2023-05-13T21:39:07","guid":{"rendered":"https:\/\/www.kamenickevisky.cz\/?page_id=45"},"modified":"2023-05-13T23:58:37","modified_gmt":"2023-05-13T21:58:37","slug":"spolek-visecane-z-s","status":"publish","type":"page","link":"https:\/\/www.kamenickevisky.cz\/?page_id=45","title":{"rendered":"Spolek V\u00edse\u010dan\u00e9, z. s."},"content":{"rendered":"\n<p>Zapsan\u00fd ve Spolkov\u00e9m rejst\u0159\u00edku od 20. dubna 2023<\/p>\n\n\n\n<p>I\u010cO spolku: 19210931<\/p>\n\n\n\n<p>Adresa spolku: <br>V\u00edska pod Lesy 1, 405 02 \u010cesk\u00e1 Kamenice<\/p>\n\n\n\n<p>Po zalo\u017een\u00ed osadn\u00edho v\u00fdboru pro m\u00edstn\u00ed \u010d\u00e1sti Kamenick\u00e1 Nov\u00e1 V\u00edska a V\u00edska pod Lesy vznikla pot\u0159eba zalo\u017eit p\u0159i osadn\u00edm v\u00fdboru i spolek, aby bylo mo\u017en\u00e9 se zapojit do r\u016fzn\u00fdch projekt\u016f, ze kter\u00fdch by bylo mo\u017en\u00e9 z\u00edskat finan\u010dn\u00ed prost\u0159edky na podporu realizac\u00ed vlastn\u00edch projekt\u016f k rozvoji m\u00edstn\u00ed \u010d\u00e1sti. Aby osadn\u00ed v\u00fdbor a spolek vz\u00e1jemn\u011b kooperovali. Zakladateli spolku jsou \u010dlenov\u00e9 Osadn\u00edho v\u00fdboru Michaela \u010capkov\u00e1, Luk\u00e1\u0161 Horyna, Jan G\u00e1bel, Monika Hagarov\u00e1 a spolu s nimi se do \u010dlensk\u00e9 z\u00e1kladny p\u0159idala Dana Skala Mistolerov\u00e1.<\/p>\n\n\n\n<p><strong>Posl\u00e1n\u00edm spolku je podpora m\u00edstn\u00ed pospolitosti, komunitn\u00ed setk\u00e1v\u00e1n\u00ed, rozvoj ob\u010dansk\u00e9 spole\u010dnosti a po\u0159\u00e1d\u00e1n\u00ed r\u016fzn\u00fdch spole\u010densk\u00fdch a kulturn\u00edch akc\u00ed a sportovn\u00edch aktivit a dal\u0161\u00ed rozvoj m\u00edstn\u00ed komunity.<\/strong><\/p>\n\n\n\n<p>Hlavn\u00ed my\u0161lenkou pro fungov\u00e1n\u00ed spolku je nav\u00e1z\u00e1n\u00ed na historick\u00e9 tradice setk\u00e1v\u00e1n\u00ed se soused\u016f na vesnici. D\u0159\u00edve se mezi sebou soused\u00e9 znali, sch\u00e1zeli se v m\u00edstn\u00ed hospod\u011b, \u017eili bohat\u00fdm spole\u010densk\u00fdm \u017eivotem, co\u017e dokl\u00e1daj\u00ed i dobov\u00e9 fotografie, vz\u00e1jemn\u011b si vypom\u00e1hali. Hospoda zanikla, zaniklo i h\u0159i\u0161t\u011b, kter\u00e9 tak\u00e9 b\u00fdvalo spojnic\u00ed mezi zdej\u0161\u00edmi obyvateli, p\u0159edev\u0161\u00edm rodinami s d\u011btmi. Dnes se i pro vzd\u00e1lenosti mezi jednotliv\u00fdmi m\u00edstn\u00edmi obyvateli lid\u00e9 mezi sebou neznaj\u00ed, odcizili se, mezi starousedl\u00edky se p\u0159ist\u011bhovali nov\u00ed obyvatel\u00e9, a proto m\u00e1me za osadn\u00ed v\u00fdbor a za spolek pot\u0159ebu tyto tradice znovuobnovit, vytvo\u0159it m\u00edsto, kde se budeme op\u011bt moct v\u0161ichni setk\u00e1vat, a d\u00edky \u010demu\u017e zmiz\u00ed i anonymita mezi vzd\u00e1len\u011bj\u0161\u00edmi sousedy.<\/p>\n\n\n\n<p>Za spolek jedn\u00e1 V\u00fdbor spolku ve slo\u017een\u00ed:<\/p>\n\n\n\n<p>Mgr. Michaela \u010capkov\u00e1, p\u0159edsedkyn\u011b<br>tel. 775854836<br>e-mail: capkova.mich@seznam.cz    <\/p>\n\n\n\n<p>Luk\u00e1\u0161 Horyna, 1. m\u00edstop\u0159edseda<br>tel. 605442790<br>e-mail: lukas.horyna@email.cz<\/p>\n\n\n\n<p>Jan G\u00e1bel st.<br>tel. 731495331<br>e-mail: gabelj@seznam.cz<\/p>\n\n\n\n<p><a href=\"https:\/\/rejstrik-firem.kurzy.cz\/19210931\/visecane-z-s\/\">https:\/\/rejstrik-firem.kurzy.cz\/19210931\/visecane-z-s\/<\/a><\/p>\n","protected":false},"excerpt":{"rendered":"<p>Zapsan\u00fd ve Spolkov\u00e9m rejst\u0159\u00edku od 20. dubna 2023 I\u010cO spolku: 19210931 Adresa spolku: V\u00edska pod Lesy 1, 405 02 \u010cesk\u00e1 Kamenice Po zalo\u017een\u00ed osadn\u00edho v\u00fdboru pro m\u00edstn\u00ed \u010d\u00e1sti Kamenick\u00e1 Nov\u00e1 V\u00edska a V\u00edska pod Lesy vznikla pot\u0159eba zalo\u017eit p\u0159i osadn\u00edm v\u00fdboru i spolek, aby bylo mo\u017en\u00e9 se zapojit do r\u016fzn\u00fdch projekt\u016f, ze kter\u00fdch by bylo<a class=\"more\" href=\"https:\/\/www.kamenickevisky.cz\/?page_id=45\" title=\"Read More\"> [&#8230;] <\/a><\/p>\n","protected":false},"author":2,"featured_media":0,"parent":0,"menu_order":0,"comment_status":"closed","ping_status":"closed","template":"","meta":{"footnotes":""},"class_list":["post-45","page","type-page","status-publish","hentry","post-container col-md-12"],"_links":{"self":[{"href":"https:\/\/www.kamenickevisky.cz\/index.php?rest_route=\/wp\/v2\/pages\/45","targetHints":{"allow":["GET"]}}],"collection":[{"href":"https:\/\/www.kamenickevisky.cz\/index.php?rest_route=\/wp\/v2\/pages"}],"about":[{"href":"https:\/\/www.kamenickevisky.cz\/index.php?rest_route=\/wp\/v2\/types\/page"}],"author":[{"embeddable":true,"href":"https:\/\/www.kamenickevisky.cz\/index.php?rest_route=\/wp\/v2\/users\/2"}],"replies":[{"embeddable":true,"href":"https:\/\/www.kamenickevisky.cz\/index.php?rest_route=%2Fwp%2Fv2%2Fcomments&post=45"}],"version-history":[{"count":3,"href":"https:\/\/www.kamenickevisky.cz\/index.php?rest_route=\/wp\/v2\/pages\/45\/revisions"}],"predecessor-version":[{"id":141,"href":"https:\/\/www.kamenickevisky.cz\/index.php?rest_route=\/wp\/v2\/pages\/45\/revisions\/141"}],"wp:attachment":[{"href":"https:\/\/www.kamenickevisky.cz\/index.php?rest_route=%2Fwp%2Fv2%2Fmedia&parent=45"}],"curies":[{"name":"wp","href":"https:\/\/api.w.org\/{rel}","templated":true}]}}